{"id":10435,"date":"2016-04-08T02:07:52","date_gmt":"2016-04-08T01:07:52","guid":{"rendered":"http:\/\/127.0.0.1\/projects\/RCN%20wordpress\/?page_id=10435"},"modified":"2025-02-13T12:56:23","modified_gmt":"2025-02-13T11:56:23","slug":"la-radio","status":"publish","type":"page","link":"http:\/\/www.rcn-radio.org\/index.php\/la-radio\/","title":{"rendered":"La radio"},"content":{"rendered":"<blockquote>\n<p style=\"text-align: justify;\">RCN\u00a0sur\u00a090.7 FM<\/p>\n<\/blockquote>\n<h2 style=\"text-align: justify;\"><strong>Une radio associative en Lorraine<\/strong><\/h2>\n<p align=\"justify\"><span style=\"font-size: large;\">Implant\u00e9e au c\u0153ur du plateau de Haye, RCN a \u00e9t\u00e9 cr\u00e9\u00e9e par des jeunes du quartier avec un pasteur et une \u00e9ducatrice, il y a plus de 30 ans. <\/span><span style=\"font-size: large;\"><b>RCN, c\u2019est une radio associative<\/b><\/span><span style=\"font-size: large;\"> qui propose plus de <\/span><span style=\"font-size: large;\"><b>40 \u00e9missions<\/b><\/span><span style=\"font-size: large;\">, toutes diff\u00e9rentes.<\/span><\/p>\n<p align=\"justify\"><span style=\"font-size: large;\">Depuis toujours, <\/span><span style=\"font-size: large;\"><b>l\u2019objectif de la radio est rest\u00e9 le m\u00eame\u00a0<\/b><\/span><span style=\"font-size: large;\">: \u00eatre le son de toutes les diff\u00e9rences\u00a0qu\u2019elles soient sociales, g\u00e9n\u00e9rationnelles, culturelles ou musicales. Avec comme devise \u00ab\u00a0<\/span><span style=\"font-size: large;\"><b>Le son de la diff\u00e9rence<\/b><\/span><span style=\"font-size: large;\">\u00a0\u00bb RCN se r\u00e9invente au quotidien gr\u00e2ce \u00e0 son entreprenariat et son exp\u00e9rience. La radio mobilise <\/span><span style=\"font-size: large;\"><b>une soixantaine de b\u00e9n\u00e9voles<\/b><\/span><span style=\"font-size: large;\"> chaque ann\u00e9e, cela nous permet d\u2019avoir une grille des <\/span><span style=\"font-size: large;\"><b>programmes tr\u00e8s diversifi\u00e9e<\/b><\/span><span style=\"font-size: large;\">.<\/span><\/p>\n<p align=\"justify\"><span style=\"font-size: large;\">Par le biais de micros-trottoirs, de reportages sur le terrain et d\u2019interviews d\u2019habitants, de grands d\u00e9bats \u00e0 la radio ou chez les partenaires avec son studio mobile, <\/span><span style=\"font-size: large;\"><b>RCN s\u2019\u00e9vertue \u00e0 promouvoir la parole libre<\/b><\/span><span style=\"font-size: large;\">.<\/span><\/p>\n<p align=\"justify\"><span style=\"font-size: large;\">Aujourd\u2019hui, RCN a dans son ADN d\u2019\u00eatre en dialogue constant avec les associations, les syndicats, les collectivit\u00e9s, l\u2019Etat, les organisations formelles ou informelles avec qui elle cr\u00e9e et organise r\u00e9guli\u00e8rement des \u00e9v\u00e8nements \u00e0 la radio ou hors les murs.<\/span><\/p>\n<p align=\"justify\"><span style=\"font-size: large;\">Le but premier de RCN est <\/span><span style=\"font-size: large;\"><b>de d\u00e9velopper les liens avec les habitants des quartiers du Grand Nancy<\/b><\/span><span style=\"font-size: large;\">. Elle s\u2019\u00e9vertue \u00e0 les rencontrer, \u00e0 travailler avec eux, \u00e0 les soutenir et les valoriser par le biais d\u2019\u00e9v\u00e8nements, et toujours \u00e0 mettre en place une r\u00e9elle m\u00e9diation culturelle. <\/span><\/p>\n","protected":false},"excerpt":{"rendered":"<p>RCN\u00a0sur\u00a090.7 FM Une radio associative en Lorraine Implant\u00e9e au c\u0153ur du plateau de Haye, RCN a \u00e9t\u00e9 cr\u00e9\u00e9e par des jeunes du quartier avec un pasteur et une \u00e9ducatrice, il y a plus de 30 ans. RCN, c\u2019est une radio associative qui propose plus de 40 \u00e9missions, toutes diff\u00e9rentes. Depuis toujours, l\u2019objectif de la radio [&hellip;]<\/p>\n","protected":false},"author":1,"featured_media":0,"parent":0,"menu_order":0,"comment_status":"closed","ping_status":"closed","template":"","meta":[],"_links":{"self":[{"href":"http:\/\/www.rcn-radio.org\/index.php\/wp-json\/wp\/v2\/pages\/10435"}],"collection":[{"href":"http:\/\/www.rcn-radio.org\/index.php\/wp-json\/wp\/v2\/pages"}],"about":[{"href":"http:\/\/www.rcn-radio.org\/index.php\/wp-json\/wp\/v2\/types\/page"}],"author":[{"embeddable":true,"href":"http:\/\/www.rcn-radio.org\/index.php\/wp-json\/wp\/v2\/users\/1"}],"replies":[{"embeddable":true,"href":"http:\/\/www.rcn-radio.org\/index.php\/wp-json\/wp\/v2\/comments?post=10435"}],"version-history":[{"count":15,"href":"http:\/\/www.rcn-radio.org\/index.php\/wp-json\/wp\/v2\/pages\/10435\/revisions"}],"predecessor-version":[{"id":29702,"href":"http:\/\/www.rcn-radio.org\/index.php\/wp-json\/wp\/v2\/pages\/10435\/revisions\/29702"}],"wp:attachment":[{"href":"http:\/\/www.rcn-radio.org\/index.php\/wp-json\/wp\/v2\/media?parent=10435"}],"curies":[{"name":"wp","href":"https:\/\/api.w.org\/{rel}","templated":true}]}}