{"id":14547,"date":"2019-10-02T14:03:05","date_gmt":"2019-10-02T13:03:05","guid":{"rendered":"http:\/\/www.rcn-radio.org\/?page_id=14547"},"modified":"2025-05-22T10:30:27","modified_gmt":"2025-05-22T09:30:27","slug":"partenaires","status":"publish","type":"page","link":"http:\/\/www.rcn-radio.org\/index.php\/partenaires\/","title":{"rendered":"Partenaires"},"content":{"rendered":"\n<h1>Ils nous soutiennent r\u00e9gulierement<\/h1>\n\n\n\n<div class=\"is-layout-flex wp-container-5 wp-block-columns are-vertically-aligned-center\">\n<div class=\"is-layout-flow wp-block-column is-vertically-aligned-center\">\n<div class=\"wp-block-media-text alignwide is-stacked-on-mobile\" style=\"grid-template-columns:40% auto\"><figure class=\"wp-block-media-text__media\"><img decoding=\"async\" loading=\"lazy\" width=\"110\" height=\"95\" src=\"http:\/\/www.rcn-radio.org\/wp-content\/uploads\/2025\/05\/FSER-1.jpg\" alt=\"\" class=\"wp-image-31199 size-full\"\/><\/figure><div class=\"wp-block-media-text__content\">\n<p><\/p>\n<\/div><\/div>\n\n\n\n<p><\/p>\n\n\n\n<h3><a rel=\"noreferrer noopener\" href=\"http:\/\/www.culture.gouv.fr\/\" target=\"_blank\">Fonds de Soutien \u00e0 l&rsquo;Expression Radiophonique<\/a><\/h3>\n<\/div>\n\n\n\n<div class=\"is-layout-flow wp-block-column is-vertically-aligned-center\">\n<figure class=\"wp-block-image size-full\"><img decoding=\"async\" loading=\"lazy\" width=\"800\" height=\"800\" src=\"http:\/\/www.rcn-radio.org\/wp-content\/uploads\/2025\/05\/mission-locale.jpg\" alt=\"\" class=\"wp-image-31255\" srcset=\"http:\/\/www.rcn-radio.org\/wp-content\/uploads\/2025\/05\/mission-locale.jpg 800w, http:\/\/www.rcn-radio.org\/wp-content\/uploads\/2025\/05\/mission-locale-300x300.jpg 300w, http:\/\/www.rcn-radio.org\/wp-content\/uploads\/2025\/05\/mission-locale-150x150.jpg 150w, http:\/\/www.rcn-radio.org\/wp-content\/uploads\/2025\/05\/mission-locale-768x768.jpg 768w\" sizes=\"(max-width: 800px) 100vw, 800px\" \/><\/figure>\n\n\n\n<p><\/p>\n\n\n\n<h3><a rel=\"noreferrer noopener\" href=\"http:\/\/www.mde-nancy.org\/\" target=\"_blank\">La Mission Locale du Grand Nancy<\/a><\/h3>\n<\/div>\n\n\n\n<div class=\"is-layout-flow wp-block-column is-vertically-aligned-center\">\n<figure class=\"wp-block-image size-full\"><img decoding=\"async\" loading=\"lazy\" width=\"630\" height=\"320\" src=\"http:\/\/www.rcn-radio.org\/wp-content\/uploads\/2025\/05\/logo-vectoriel-ville-de-nancy-1.jpg\" alt=\"\" class=\"wp-image-31201\" srcset=\"http:\/\/www.rcn-radio.org\/wp-content\/uploads\/2025\/05\/logo-vectoriel-ville-de-nancy-1.jpg 630w, http:\/\/www.rcn-radio.org\/wp-content\/uploads\/2025\/05\/logo-vectoriel-ville-de-nancy-1-300x152.jpg 300w\" sizes=\"(max-width: 630px) 100vw, 630px\" \/><\/figure>\n\n\n\n<p><\/p>\n\n\n\n<h3><a href=\"https:\/\/www.nancy.fr\/accueil\" data-type=\"URL\" data-id=\"https:\/\/www.nancy.fr\/accueil\">Ville de Nancy<\/a><\/h3>\n<\/div>\n\n\n\n<div class=\"is-layout-flow wp-block-column is-vertically-aligned-center\">\n<figure class=\"wp-block-image size-full\"><img decoding=\"async\" loading=\"lazy\" width=\"300\" height=\"121\" src=\"http:\/\/www.rcn-radio.org\/wp-content\/uploads\/2025\/05\/Grand-nancy.jpg\" alt=\"\" class=\"wp-image-31202\"\/><\/figure>\n\n\n\n<p><\/p>\n\n\n\n<h3><a href=\"https:\/\/www.grandnancy.eu\/accueil\" data-type=\"URL\" data-id=\"https:\/\/www.grandnancy.eu\/accueil\">M\u00e9tropole du Grand Nancy<\/a><\/h3>\n<\/div>\n<\/div>\n\n\n\n<div class=\"is-layout-flex wp-container-9 wp-block-columns are-vertically-aligned-center\">\n<div class=\"is-layout-flow wp-block-column is-vertically-aligned-center\">\n<figure class=\"wp-block-image size-large\"><img decoding=\"async\" loading=\"lazy\" width=\"1024\" height=\"750\" src=\"http:\/\/www.rcn-radio.org\/wp-content\/uploads\/2025\/05\/CD54-1-1024x750.jpg\" alt=\"\" class=\"wp-image-31203\" srcset=\"http:\/\/www.rcn-radio.org\/wp-content\/uploads\/2025\/05\/CD54-1-1024x750.jpg 1024w, http:\/\/www.rcn-radio.org\/wp-content\/uploads\/2025\/05\/CD54-1-300x220.jpg 300w, http:\/\/www.rcn-radio.org\/wp-content\/uploads\/2025\/05\/CD54-1-768x563.jpg 768w, http:\/\/www.rcn-radio.org\/wp-content\/uploads\/2025\/05\/CD54-1.jpg 1200w\" sizes=\"(max-width: 1024px) 100vw, 1024px\" \/><\/figure>\n\n\n\n<p><\/p>\n\n\n\n<h3><a href=\"https:\/\/www.meurthe-et-moselle.fr\/\" data-type=\"URL\" data-id=\"https:\/\/www.meurthe-et-moselle.fr\/\">Conseil d\u00e9partemental de Meurthe-et-Moselle<\/a><\/h3>\n<\/div>\n\n\n\n<div class=\"is-layout-flow wp-block-column is-vertically-aligned-center\">\n<figure class=\"wp-block-image size-full\"><img decoding=\"async\" loading=\"lazy\" width=\"567\" height=\"386\" src=\"http:\/\/www.rcn-radio.org\/wp-content\/uploads\/2025\/05\/3b8025a240734ec6dd08b426a150b6ddRhepuSVVzjYQJQd3-0-1.png\" alt=\"\" class=\"wp-image-31204\" srcset=\"http:\/\/www.rcn-radio.org\/wp-content\/uploads\/2025\/05\/3b8025a240734ec6dd08b426a150b6ddRhepuSVVzjYQJQd3-0-1.png 567w, http:\/\/www.rcn-radio.org\/wp-content\/uploads\/2025\/05\/3b8025a240734ec6dd08b426a150b6ddRhepuSVVzjYQJQd3-0-1-300x204.png 300w\" sizes=\"(max-width: 567px) 100vw, 567px\" \/><\/figure>\n\n\n\n<p><\/p>\n\n\n\n<h3><a href=\"https:\/\/www.omhgrandnancy.fr\/\" data-type=\"URL\" data-id=\"https:\/\/www.omhgrandnancy.fr\/\">OMH Nancy<\/a><\/h3>\n<\/div>\n\n\n\n<div class=\"is-layout-flow wp-block-column is-vertically-aligned-center\">\n<figure class=\"wp-block-image size-full\"><img decoding=\"async\" loading=\"lazy\" width=\"474\" height=\"173\" src=\"http:\/\/www.rcn-radio.org\/wp-content\/uploads\/2025\/05\/th-1.jpg\" alt=\"\" class=\"wp-image-31205\" srcset=\"http:\/\/www.rcn-radio.org\/wp-content\/uploads\/2025\/05\/th-1.jpg 474w, http:\/\/www.rcn-radio.org\/wp-content\/uploads\/2025\/05\/th-1-300x109.jpg 300w\" sizes=\"(max-width: 474px) 100vw, 474px\" \/><\/figure>\n\n\n\n<p><\/p>\n\n\n\n<h3><a href=\"https:\/\/www.cget.gouv.fr\/\" data-type=\"URL\" data-id=\"https:\/\/www.cget.gouv.fr\/\">Commissariat G\u00e9n\u00e9ral \u00e0 l&rsquo;Egalit\u00e9 des Territoires<\/a><\/h3>\n<\/div>\n<\/div>\n\n\n\n<div class=\"is-layout-flex wp-container-14 wp-block-columns are-vertically-aligned-center\">\n<div class=\"is-layout-flow wp-block-column is-vertically-aligned-center\">\n<figure class=\"wp-block-image size-full\"><img decoding=\"async\" loading=\"lazy\" width=\"474\" height=\"138\" src=\"http:\/\/www.rcn-radio.org\/wp-content\/uploads\/2025\/05\/batigaire.jpg\" alt=\"\" class=\"wp-image-31206\" srcset=\"http:\/\/www.rcn-radio.org\/wp-content\/uploads\/2025\/05\/batigaire.jpg 474w, http:\/\/www.rcn-radio.org\/wp-content\/uploads\/2025\/05\/batigaire-300x87.jpg 300w\" sizes=\"(max-width: 474px) 100vw, 474px\" \/><\/figure>\n\n\n\n<p><\/p>\n\n\n\n<h3><a href=\"https:\/\/www.batigere.fr\/\">La fondation Batig\u00e8re<\/a><\/h3>\n<\/div>\n\n\n\n<div class=\"is-layout-flow wp-block-column is-vertically-aligned-center\">\n<figure class=\"wp-block-image size-full is-resized\"><img decoding=\"async\" loading=\"lazy\" src=\"http:\/\/www.rcn-radio.org\/wp-content\/uploads\/2025\/05\/Buisson-Ardent.jpg\" alt=\"\" class=\"wp-image-31256\" width=\"142\" height=\"142\" srcset=\"http:\/\/www.rcn-radio.org\/wp-content\/uploads\/2025\/05\/Buisson-Ardent.jpg 567w, http:\/\/www.rcn-radio.org\/wp-content\/uploads\/2025\/05\/Buisson-Ardent-300x300.jpg 300w, http:\/\/www.rcn-radio.org\/wp-content\/uploads\/2025\/05\/Buisson-Ardent-150x150.jpg 150w\" sizes=\"(max-width: 142px) 100vw, 142px\" \/><\/figure>\n\n\n\n<p><\/p>\n\n\n\n<h3><a href=\"#\">Le Buisson Ardent<\/a><\/h3>\n<\/div>\n\n\n\n<div class=\"is-layout-flow wp-block-column is-vertically-aligned-center\">\n<figure class=\"wp-block-image size-full\"><img decoding=\"async\" loading=\"lazy\" width=\"285\" height=\"145\" src=\"http:\/\/www.rcn-radio.org\/wp-content\/uploads\/2025\/05\/mmh-1.jpg\" alt=\"\" class=\"wp-image-31207\"\/><\/figure>\n\n\n\n<p><\/p>\n\n\n\n<h3><a href=\"https:\/\/www.mmhabitat.fr\/\" data-type=\"URL\" data-id=\"https:\/\/www.mmhabitat.fr\/\">Mmh<\/a><\/h3>\n<\/div>\n\n\n\n<div class=\"is-layout-flow wp-block-column is-vertically-aligned-center\">\n<figure class=\"wp-block-image size-full\"><img decoding=\"async\" loading=\"lazy\" width=\"317\" height=\"159\" src=\"http:\/\/www.rcn-radio.org\/wp-content\/uploads\/2025\/05\/prefet-54-1.png\" alt=\"\" class=\"wp-image-31208\" srcset=\"http:\/\/www.rcn-radio.org\/wp-content\/uploads\/2025\/05\/prefet-54-1.png 317w, http:\/\/www.rcn-radio.org\/wp-content\/uploads\/2025\/05\/prefet-54-1-300x150.png 300w\" sizes=\"(max-width: 317px) 100vw, 317px\" \/><\/figure>\n\n\n\n<p><\/p>\n\n\n\n<h3><a href=\"http:\/\/www.meurthe-et-moselle.gouv.fr\/\">Pr\u00e9fecture de Meurthe-et-Moselle<\/a><\/h3>\n<\/div>\n<\/div>\n\n\n\n<h1>Ils ont soutenu nos projets<\/h1>\n\n\n\n<div class=\"is-layout-flex wp-container-18 wp-block-columns are-vertically-aligned-center\">\n<div class=\"is-layout-flow wp-block-column is-vertically-aligned-center\">\n<figure class=\"wp-block-image size-full\"><img decoding=\"async\" loading=\"lazy\" width=\"474\" height=\"210\" src=\"http:\/\/www.rcn-radio.org\/wp-content\/uploads\/2025\/05\/vinci-1.jpg\" alt=\"\" class=\"wp-image-31257\" srcset=\"http:\/\/www.rcn-radio.org\/wp-content\/uploads\/2025\/05\/vinci-1.jpg 474w, http:\/\/www.rcn-radio.org\/wp-content\/uploads\/2025\/05\/vinci-1-300x133.jpg 300w\" sizes=\"(max-width: 474px) 100vw, 474px\" \/><\/figure>\n\n\n\n<p><\/p>\n\n\n\n<h3><a rel=\"noreferrer noopener\" href=\"https:\/\/www.fondation-vinci.com\/fondation\/fr\/page\/index.htm\" target=\"_blank\">Fondation VINCI<\/a><\/h3>\n<\/div>\n\n\n\n<div class=\"is-layout-flow wp-block-column is-vertically-aligned-center\">\n<figure class=\"wp-block-image size-full\"><img decoding=\"async\" loading=\"lazy\" width=\"300\" height=\"207\" src=\"http:\/\/www.rcn-radio.org\/wp-content\/uploads\/2025\/05\/dilcrah-1.jpg\" alt=\"\" class=\"wp-image-31258\"\/><\/figure>\n\n\n\n<p><\/p>\n\n\n\n<h3><a rel=\"noreferrer noopener\" href=\"https:\/\/www.dilcrah.fr\/\" target=\"_blank\">DILCRAH<\/a><\/h3>\n<\/div>\n\n\n\n<div class=\"is-layout-flow wp-block-column is-vertically-aligned-center\">\n<figure class=\"wp-block-image size-full\"><img decoding=\"async\" loading=\"lazy\" width=\"474\" height=\"335\" src=\"http:\/\/www.rcn-radio.org\/wp-content\/uploads\/2025\/05\/finance-et-pedagogie-1.jpg\" alt=\"\" class=\"wp-image-31259\" srcset=\"http:\/\/www.rcn-radio.org\/wp-content\/uploads\/2025\/05\/finance-et-pedagogie-1.jpg 474w, http:\/\/www.rcn-radio.org\/wp-content\/uploads\/2025\/05\/finance-et-pedagogie-1-300x212.jpg 300w\" sizes=\"(max-width: 474px) 100vw, 474px\" \/><\/figure>\n\n\n\n<p><\/p>\n\n\n\n<h3><a rel=\"noreferrer noopener\" href=\"https:\/\/www.finances-pedagogie.fr\" target=\"_blank\">Finances et P\u00e9dagogie<\/a><\/h3>\n<\/div>\n<\/div>\n\n\n\n<div class=\"is-layout-flex wp-container-21 wp-block-columns are-vertically-aligned-center\">\n<div class=\"is-layout-flow wp-block-column is-vertically-aligned-center\">\n<figure class=\"wp-block-image size-full\"><img decoding=\"async\" loading=\"lazy\" width=\"474\" height=\"245\" src=\"http:\/\/www.rcn-radio.org\/wp-content\/uploads\/2025\/05\/FDVA-1.jpg\" alt=\"\" class=\"wp-image-31260\" srcset=\"http:\/\/www.rcn-radio.org\/wp-content\/uploads\/2025\/05\/FDVA-1.jpg 474w, http:\/\/www.rcn-radio.org\/wp-content\/uploads\/2025\/05\/FDVA-1-300x155.jpg 300w\" sizes=\"(max-width: 474px) 100vw, 474px\" \/><\/figure>\n\n\n\n<p><\/p>\n\n\n\n<h3><a rel=\"noreferrer noopener\" href=\"https:\/\/www.associations.gouv.fr\/FDVA.html\" target=\"_blank\">Fond de Developpement \u00e0 la Vie Associative<\/a><\/h3>\n<\/div>\n\n\n\n<div class=\"is-layout-flow wp-block-column is-vertically-aligned-center\">\n<figure class=\"wp-block-image size-large\"><img decoding=\"async\" loading=\"lazy\" width=\"1024\" height=\"512\" src=\"http:\/\/www.rcn-radio.org\/wp-content\/uploads\/2025\/05\/doc-1-1024x512.png\" alt=\"\" class=\"wp-image-31261\" srcset=\"http:\/\/www.rcn-radio.org\/wp-content\/uploads\/2025\/05\/doc-1-1024x512.png 1024w, http:\/\/www.rcn-radio.org\/wp-content\/uploads\/2025\/05\/doc-1-300x150.png 300w, http:\/\/www.rcn-radio.org\/wp-content\/uploads\/2025\/05\/doc-1-768x384.png 768w, http:\/\/www.rcn-radio.org\/wp-content\/uploads\/2025\/05\/doc-1-1536x768.png 1536w, http:\/\/www.rcn-radio.org\/wp-content\/uploads\/2025\/05\/doc-1.png 1667w\" sizes=\"(max-width: 1024px) 100vw, 1024px\" \/><\/figure>\n\n\n\n<p><\/p>\n\n\n\n<h3><a rel=\"noreferrer noopener\" href=\"http:\/\/ticoncept.fr\/\" target=\"_blank\">TI Concept<\/a><\/h3>\n<\/div>\n<\/div>\n\n\n<p>\u00a0<\/p>\n<h1>Ils ont aid\u00e9 \/ investi dans le d\u00e9m\u00e9nagement<\/h1>\n<div class=\"one_fourth\"><p><img decoding=\"async\" loading=\"lazy\" class=\"alignnone size-full wp-image-31185\" src=\"http:\/\/www.rcn-radio.org\/wp-content\/uploads\/2025\/05\/FSER.jpg\" alt=\"\" width=\"110\" height=\"95\" \/><\/p>\n<p>\u00a0<\/p>\n<h3><a href=\"http:\/\/www.culture.gouv.fr\/\" target=\"_blank\" rel=\"noopener\">Fonds de Soutien \u00e0 l&rsquo;Expression Radiophonique<\/a><\/h3><\/div>\n<div class=\"one_fourth\"><p><img decoding=\"async\" loading=\"lazy\" class=\"alignnone size-medium wp-image-31186\" src=\"http:\/\/www.rcn-radio.org\/wp-content\/uploads\/2025\/05\/logo-vectoriel-ville-de-nancy-300x152.jpg\" alt=\"\" width=\"300\" height=\"152\" srcset=\"http:\/\/www.rcn-radio.org\/wp-content\/uploads\/2025\/05\/logo-vectoriel-ville-de-nancy-300x152.jpg 300w, http:\/\/www.rcn-radio.org\/wp-content\/uploads\/2025\/05\/logo-vectoriel-ville-de-nancy.jpg 630w\" sizes=\"(max-width: 300px) 100vw, 300px\" \/><\/p>\n<p>\u00a0<\/p>\n<h3><a href=\"https:\/\/www.nancy.fr\/\" target=\"_blank\" rel=\"noopener\">Ville de Nancy<\/a><\/h3><\/div>\n<div class=\"one_fourth\"><p><img decoding=\"async\" loading=\"lazy\" class=\"alignnone size-full wp-image-31202\" src=\"http:\/\/www.rcn-radio.org\/wp-content\/uploads\/2025\/05\/Grand-nancy.jpg\" alt=\"\" width=\"300\" height=\"121\" \/><\/p>\n<h3><a href=\"https:\/\/www.grandnancy.eu\/accueil\/\" target=\"_blank\" rel=\"noopener\">M\u00e9tropole du Grand Nancy<\/a><\/h3><\/div>\n<div class=\"one_fourth last\"><p><img decoding=\"async\" loading=\"lazy\" class=\"alignnone size-medium wp-image-31187\" src=\"http:\/\/www.rcn-radio.org\/wp-content\/uploads\/2025\/05\/CD54-300x220.jpg\" alt=\"\" width=\"300\" height=\"220\" srcset=\"http:\/\/www.rcn-radio.org\/wp-content\/uploads\/2025\/05\/CD54-300x220.jpg 300w, http:\/\/www.rcn-radio.org\/wp-content\/uploads\/2025\/05\/CD54-1024x750.jpg 1024w, http:\/\/www.rcn-radio.org\/wp-content\/uploads\/2025\/05\/CD54-768x563.jpg 768w, http:\/\/www.rcn-radio.org\/wp-content\/uploads\/2025\/05\/CD54.jpg 1200w\" sizes=\"(max-width: 300px) 100vw, 300px\" \/><\/p>\n<h3><a href=\"http:\/\/www.meurthe-et-moselle.fr\/\" target=\"_blank\" rel=\"noopener\">Conseil d\u00e9partemental de Meurthe-et-Moselle<\/a><\/h3><\/div><div class=\"clear\"><\/div>\n<div class=\"one_fourth\"><p><img decoding=\"async\" loading=\"lazy\" class=\"alignnone size-medium wp-image-31188\" src=\"http:\/\/www.rcn-radio.org\/wp-content\/uploads\/2025\/05\/3b8025a240734ec6dd08b426a150b6ddRhepuSVVzjYQJQd3-0-300x204.png\" alt=\"\" width=\"300\" height=\"204\" srcset=\"http:\/\/www.rcn-radio.org\/wp-content\/uploads\/2025\/05\/3b8025a240734ec6dd08b426a150b6ddRhepuSVVzjYQJQd3-0-300x204.png 300w, http:\/\/www.rcn-radio.org\/wp-content\/uploads\/2025\/05\/3b8025a240734ec6dd08b426a150b6ddRhepuSVVzjYQJQd3-0.png 567w\" sizes=\"(max-width: 300px) 100vw, 300px\" \/><\/p>\n<p>\u00a0<\/p>\n<h3><a href=\"https:\/\/www.omhgrandnancy.fr\/\" target=\"_blank\" rel=\"noopener\">OMH Nancy<\/a><\/h3><\/div>\n<div class=\"one_fourth\"><p><img decoding=\"async\" loading=\"lazy\" class=\"alignnone size-medium wp-image-31206\" src=\"http:\/\/www.rcn-radio.org\/wp-content\/uploads\/2025\/05\/batigaire-300x87.jpg\" alt=\"\" width=\"300\" height=\"87\" srcset=\"http:\/\/www.rcn-radio.org\/wp-content\/uploads\/2025\/05\/batigaire-300x87.jpg 300w, http:\/\/www.rcn-radio.org\/wp-content\/uploads\/2025\/05\/batigaire.jpg 474w\" sizes=\"(max-width: 300px) 100vw, 300px\" \/><\/p>\n<h3><a href=\"https:\/\/www.batigere.fr\/\" target=\"_blank\" rel=\"noopener\">La fondation Batig\u00e8re<\/a><\/h3><\/div>\n<div class=\"one_fourth\"><p><img decoding=\"async\" loading=\"lazy\" class=\"alignnone size-medium wp-image-31256\" src=\"http:\/\/www.rcn-radio.org\/wp-content\/uploads\/2025\/05\/Buisson-Ardent-300x300.jpg\" alt=\"\" width=\"300\" height=\"300\" srcset=\"http:\/\/www.rcn-radio.org\/wp-content\/uploads\/2025\/05\/Buisson-Ardent-300x300.jpg 300w, http:\/\/www.rcn-radio.org\/wp-content\/uploads\/2025\/05\/Buisson-Ardent-150x150.jpg 150w, http:\/\/www.rcn-radio.org\/wp-content\/uploads\/2025\/05\/Buisson-Ardent.jpg 567w\" sizes=\"(max-width: 300px) 100vw, 300px\" \/><\/p>\n<h3><a href=\"#\" target=\"_blank\" rel=\"noopener\">Le Buisson Ardent<\/a><\/h3><\/div>\n<div class=\"one_fourth last\"><p><img decoding=\"async\" loading=\"lazy\" class=\"alignnone size-medium wp-image-31276\" src=\"http:\/\/www.rcn-radio.org\/wp-content\/uploads\/2025\/05\/Caisse-de-depot-298x300.png\" alt=\"\" width=\"298\" height=\"300\" srcset=\"http:\/\/www.rcn-radio.org\/wp-content\/uploads\/2025\/05\/Caisse-de-depot-298x300.png 298w, http:\/\/www.rcn-radio.org\/wp-content\/uploads\/2025\/05\/Caisse-de-depot-1016x1024.png 1016w, http:\/\/www.rcn-radio.org\/wp-content\/uploads\/2025\/05\/Caisse-de-depot-150x150.png 150w, http:\/\/www.rcn-radio.org\/wp-content\/uploads\/2025\/05\/Caisse-de-depot-768x774.png 768w, http:\/\/www.rcn-radio.org\/wp-content\/uploads\/2025\/05\/Caisse-de-depot.png 1200w\" sizes=\"(max-width: 298px) 100vw, 298px\" \/><\/p>\n<h3><a href=\"https:\/\/www.caissedesdepots.fr\/\" target=\"_blank\" rel=\"noopener\">Caisse des d\u00e9p\u00f4ts<\/a><\/h3><\/div><div class=\"clear\"><\/div>\n<div class=\"one_fourth\"><p><img decoding=\"async\" loading=\"lazy\" class=\"alignnone size-medium wp-image-31277\" src=\"http:\/\/www.rcn-radio.org\/wp-content\/uploads\/2025\/05\/Credit-Mutuel-Logo-300x169.png\" alt=\"\" width=\"300\" height=\"169\" srcset=\"http:\/\/www.rcn-radio.org\/wp-content\/uploads\/2025\/05\/Credit-Mutuel-Logo-300x169.png 300w, http:\/\/www.rcn-radio.org\/wp-content\/uploads\/2025\/05\/Credit-Mutuel-Logo-1024x576.png 1024w, http:\/\/www.rcn-radio.org\/wp-content\/uploads\/2025\/05\/Credit-Mutuel-Logo-768x432.png 768w, http:\/\/www.rcn-radio.org\/wp-content\/uploads\/2025\/05\/Credit-Mutuel-Logo-1536x864.png 1536w, http:\/\/www.rcn-radio.org\/wp-content\/uploads\/2025\/05\/Credit-Mutuel-Logo-2048x1152.png 2048w\" sizes=\"(max-width: 300px) 100vw, 300px\" \/><\/p>\n<h3><a href=\"https:\/\/www.creditmutuel.fr\" target=\"_blank\" rel=\"noopener\">Cr\u00e9dit Mutuel<\/a><\/h3><\/div>\n<div class=\"one_fourth\"><p><img decoding=\"async\" loading=\"lazy\" class=\"alignnone size-medium wp-image-31278\" src=\"http:\/\/www.rcn-radio.org\/wp-content\/uploads\/2025\/05\/transdev-300x112.jpg\" alt=\"\" width=\"300\" height=\"112\" srcset=\"http:\/\/www.rcn-radio.org\/wp-content\/uploads\/2025\/05\/transdev-300x112.jpg 300w, http:\/\/www.rcn-radio.org\/wp-content\/uploads\/2025\/05\/transdev-1024x383.jpg 1024w, http:\/\/www.rcn-radio.org\/wp-content\/uploads\/2025\/05\/transdev-768x287.jpg 768w, http:\/\/www.rcn-radio.org\/wp-content\/uploads\/2025\/05\/transdev-1536x574.jpg 1536w, http:\/\/www.rcn-radio.org\/wp-content\/uploads\/2025\/05\/transdev.jpg 2019w\" sizes=\"(max-width: 300px) 100vw, 300px\" \/><\/p>\n<h3><a href=\"https:\/\/www.transdev.com\/fr\/\" target=\"_blank\" rel=\"noopener\">Transdev<\/a><\/h3><\/div>\n<div class=\"one_fourth\"><p><img decoding=\"async\" loading=\"lazy\" class=\"alignnone size-medium wp-image-31279\" src=\"http:\/\/www.rcn-radio.org\/wp-content\/uploads\/2025\/05\/5d27428812574a08a67ab0d3-300x86.jpg\" alt=\"\" width=\"300\" height=\"86\" srcset=\"http:\/\/www.rcn-radio.org\/wp-content\/uploads\/2025\/05\/5d27428812574a08a67ab0d3-300x86.jpg 300w, http:\/\/www.rcn-radio.org\/wp-content\/uploads\/2025\/05\/5d27428812574a08a67ab0d3-1024x293.jpg 1024w, http:\/\/www.rcn-radio.org\/wp-content\/uploads\/2025\/05\/5d27428812574a08a67ab0d3-768x220.jpg 768w, http:\/\/www.rcn-radio.org\/wp-content\/uploads\/2025\/05\/5d27428812574a08a67ab0d3-1536x440.jpg 1536w, http:\/\/www.rcn-radio.org\/wp-content\/uploads\/2025\/05\/5d27428812574a08a67ab0d3-2048x587.jpg 2048w\" sizes=\"(max-width: 300px) 100vw, 300px\" \/><\/p>\n<h3><a href=\"https:\/\/www.ag2rlamondiale.fr\/\" target=\"_blank\" rel=\"noopener\">AG2R La mondiale<\/a><\/h3><\/div>\n<div class=\"one_fourth last\"><p><img decoding=\"async\" loading=\"lazy\" class=\"alignnone size-medium wp-image-31280\" src=\"http:\/\/www.rcn-radio.org\/wp-content\/uploads\/2025\/05\/caisse-d-epargne-300x98.png\" alt=\"\" width=\"300\" height=\"98\" srcset=\"http:\/\/www.rcn-radio.org\/wp-content\/uploads\/2025\/05\/caisse-d-epargne-300x98.png 300w, http:\/\/www.rcn-radio.org\/wp-content\/uploads\/2025\/05\/caisse-d-epargne.png 600w\" sizes=\"(max-width: 300px) 100vw, 300px\" \/><\/p>\n<h3><a href=\"https:\/\/www.caisse-epargne.fr\/\" target=\"_blank\" rel=\"noopener\">Caisse d&rsquo;\u00e9pargne<\/a><\/h3><\/div><div class=\"clear\"><\/div>\n<div class=\"one_fourth\"><p><img decoding=\"async\" loading=\"lazy\" class=\"alignnone size-medium wp-image-31281\" src=\"http:\/\/www.rcn-radio.org\/wp-content\/uploads\/2025\/05\/cnra-300x169.png\" alt=\"\" width=\"300\" height=\"169\" srcset=\"http:\/\/www.rcn-radio.org\/wp-content\/uploads\/2025\/05\/cnra-300x169.png 300w, http:\/\/www.rcn-radio.org\/wp-content\/uploads\/2025\/05\/cnra-1024x576.png 1024w, http:\/\/www.rcn-radio.org\/wp-content\/uploads\/2025\/05\/cnra-768x432.png 768w, http:\/\/www.rcn-radio.org\/wp-content\/uploads\/2025\/05\/cnra.png 1280w\" sizes=\"(max-width: 300px) 100vw, 300px\" \/><\/p>\n<h3><a href=\"#\">Coordination des Radios Associatives de Lorraine<\/a><\/h3><\/div>\n<h1>\u00a0<\/h1>\n\n\n<div class=\"is-layout-flex wp-container-22 wp-block-columns\"><\/div>\n\n\n\n<figure class=\"wp-block-image\"><img alt=\"\"\/><\/figure>\n","protected":false},"excerpt":{"rendered":"<p>Ils nous soutiennent r\u00e9gulierement Fonds de Soutien \u00e0 l&rsquo;Expression Radiophonique La Mission Locale du Grand Nancy Ville de Nancy M\u00e9tropole du Grand Nancy Conseil d\u00e9partemental de Meurthe-et-Moselle OMH Nancy Commissariat G\u00e9n\u00e9ral \u00e0 l&rsquo;Egalit\u00e9 des Territoires La fondation Batig\u00e8re Le Buisson Ardent Mmh Pr\u00e9fecture de Meurthe-et-Moselle Ils ont soutenu nos projets Fondation VINCI DILCRAH Finances et [&hellip;]<\/p>\n","protected":false},"author":1,"featured_media":0,"parent":0,"menu_order":0,"comment_status":"closed","ping_status":"closed","template":"","meta":[],"_links":{"self":[{"href":"http:\/\/www.rcn-radio.org\/index.php\/wp-json\/wp\/v2\/pages\/14547"}],"collection":[{"href":"http:\/\/www.rcn-radio.org\/index.php\/wp-json\/wp\/v2\/pages"}],"about":[{"href":"http:\/\/www.rcn-radio.org\/index.php\/wp-json\/wp\/v2\/types\/page"}],"author":[{"embeddable":true,"href":"http:\/\/www.rcn-radio.org\/index.php\/wp-json\/wp\/v2\/users\/1"}],"replies":[{"embeddable":true,"href":"http:\/\/www.rcn-radio.org\/index.php\/wp-json\/wp\/v2\/comments?post=14547"}],"version-history":[{"count":37,"href":"http:\/\/www.rcn-radio.org\/index.php\/wp-json\/wp\/v2\/pages\/14547\/revisions"}],"predecessor-version":[{"id":31287,"href":"http:\/\/www.rcn-radio.org\/index.php\/wp-json\/wp\/v2\/pages\/14547\/revisions\/31287"}],"wp:attachment":[{"href":"http:\/\/www.rcn-radio.org\/index.php\/wp-json\/wp\/v2\/media?parent=14547"}],"curies":[{"name":"wp","href":"https:\/\/api.w.org\/{rel}","templated":true}]}}