{"id":20453,"date":"2021-05-10T14:53:38","date_gmt":"2021-05-10T13:53:38","guid":{"rendered":"http:\/\/www.rcn-radio.org\/?page_id=20453"},"modified":"2021-05-18T16:14:30","modified_gmt":"2021-05-18T15:14:30","slug":"shame","status":"publish","type":"page","link":"http:\/\/www.rcn-radio.org\/index.php\/shame\/","title":{"rendered":"EXPO PHOTO ET SONORE<br>S(H)AME"},"content":{"rendered":"\n<div style=\"height:20px\" aria-hidden=\"true\" class=\"wp-block-spacer\"><\/div>\n\n\n\n<h1 class=\"has-text-align-center has-huge-font-size\">LUTTER CONTRE LES DISCRIMINATIONS LI\u00c9ES AU GENRE<\/h1>\n\n\n\n<div style=\"height:20px\" aria-hidden=\"true\" class=\"wp-block-spacer\"><\/div>\n\n\n\n<p class=\"has-text-align-center has-medium-font-size\">En partenariat avec le Conseil d\u00e9partemental de Meurthe-et-Moselle, RCN veut pousser plus loin son engagement dans le domaine de la lutte contre les discriminations en d\u00e9veloppant un projet pluridisciplinaire, partenarial, solidaire et militant. Le nom du projet,&nbsp;(S(H)AME, vient du constat qu\u2019en anglais le mot \u00ab same \u00bb (pareils, identiques) n\u2019a qu\u2019une lettre de diff\u00e9rence avec \u00ab shame \u00bb (honte). S(H)AME a pour objectif d\u2019effacer cette honte n\u00e9e, parfois, du sentiment d\u2019\u00eatre diff\u00e9rent de ce que la soci\u00e9t\u00e9 con\u00e7oit comme la \u00ab norme \u00bb mais surtout une honte qui prend racine dans les violences physiques ou verbales, dans les discriminations subies en raison de cette diff\u00e9rence. En retirant le \u00ab H \u00bb de ce mot, nous revenons \u00e0 l\u2019id\u00e9e que tous, bien que riches de nos diff\u00e9rences, nous sommes identiques.<\/p>\n\n\n\n<p class=\"has-text-align-center has-medium-font-size\">S(H)AME est une exposition\u00a0photographique et radiophonique en visioconf\u00e9rence illustrant la lutte contre les pr\u00e9jug\u00e9es et les discriminations li\u00e9es au sexe et au genre.<\/p>\n\n\n\n<p class=\"has-text-align-center has-medium-font-size\">Projet r\u00e9alis\u00e9 par Lionel, Khaled Frikha et le collectif NoImage.<\/p>\n\n\n\n<p><\/p>\n\n\n\n<div class=\"is-layout-flex wp-container-2 wp-block-columns\">\n<div class=\"is-layout-flow wp-block-column\" style=\"flex-basis:100%\">\n<div style=\"height:20px\" aria-hidden=\"true\" class=\"wp-block-spacer\"><\/div>\n\n\n\n<p><\/p>\n<\/div>\n<\/div>\n\n\n\n<div class=\"is-layout-flex wp-container-4 wp-block-columns\">\n<div class=\"is-layout-flow wp-block-column\">\n<h3 class=\"has-text-align-center has-huge-font-size\">Exposition virtuelle<\/h3>\n<\/div>\n<\/div>\n\n\n\n<div class=\"is-layout-flex wp-container-7 wp-block-columns\">\n<div class=\"is-layout-flow wp-block-column is-vertically-aligned-center\"><\/div>\n\n\n\n<div class=\"is-layout-flow wp-block-column is-vertically-aligned-center\">\n<ul class=\"has-medium-font-size\"><li>Pour faire la visite en 3D sur votre navigateur, <a rel=\"noreferrer noopener\" href=\"http:\/\/www.rcn-radio.org\/index.php\/visite-online-shame\/\" data-type=\"URL\" data-id=\"http:\/\/www.rcn-radio.org\/index.php\/visite-online-shame\/\" target=\"_blank\">cliquez ici<\/a>.<\/li><\/ul>\n\n\n\n<ul class=\"has-medium-font-size\"><li>Pour faire la visite en 3D par mobile, <a rel=\"noreferrer noopener\" href=\"https:\/\/www.artsteps.com\/view\/60984b2da88a6228a50f0bfe\" data-type=\"URL\" data-id=\"https:\/\/www.artsteps.com\/view\/60984b2da88a6228a50f0bfe\" target=\"_blank\">cliquez ici<\/a> et s\u00e9lectionnez ouvrir avec le navigateur.<\/li><\/ul>\n<\/div>\n<\/div>\n\n\n\n<div style=\"height:50px\" aria-hidden=\"true\" class=\"wp-block-spacer\"><\/div>\n\n\n\n<h1 class=\"has-text-align-center has-huge-font-size\">Exposition photographique et sonore<\/h1>\n\n\n\n<div style=\"height:10px\" aria-hidden=\"true\" class=\"wp-block-spacer\"><\/div>\n\n\n\n<p class=\"has-text-align-center has-medium-font-size\">Pour \u00e9couter et en voir plus, cliquez sur les images<\/p>\n\n\n\n<div style=\"height:20px\" aria-hidden=\"true\" class=\"wp-block-spacer\"><\/div>\n\n\n\n\n\n<div style=\"height:90px\" aria-hidden=\"true\" class=\"wp-block-spacer\"><\/div>\n\n\n\n<h2 class=\"has-text-align-center has-huge-font-size\">Partenaire<\/h2>\n\n\n\n<div style=\"height:20px\" aria-hidden=\"true\" class=\"wp-block-spacer\"><\/div>\n\n\n\n<div class=\"wp-block-image\"><figure class=\"aligncenter size-large\"><a href=\"http:\/\/www.meurthe-et-moselle.fr\/\" target=\"_blank\" rel=\"noopener\"><img decoding=\"async\" loading=\"lazy\" width=\"283\" height=\"166\" src=\"http:\/\/www.rcn-radio.org\/wp-content\/uploads\/2021\/05\/Conseil-de\u0301partemental-Meurthe-et-Moselle.png\" alt=\"\" class=\"wp-image-20581\"\/><\/a><\/figure><\/div>\n","protected":false},"excerpt":{"rendered":"<p>LUTTER CONTRE LES DISCRIMINATIONS LI\u00c9ES AU GENRE En partenariat avec le Conseil d\u00e9partemental de Meurthe-et-Moselle, RCN veut pousser plus loin son engagement dans le domaine de la lutte contre les discriminations en d\u00e9veloppant un projet pluridisciplinaire, partenarial, solidaire et militant. Le nom du projet,&nbsp;(S(H)AME, vient du constat qu\u2019en anglais le mot \u00ab same \u00bb (pareils, [&hellip;]<\/p>\n","protected":false},"author":21,"featured_media":0,"parent":0,"menu_order":0,"comment_status":"closed","ping_status":"closed","template":"","meta":[],"_links":{"self":[{"href":"http:\/\/www.rcn-radio.org\/index.php\/wp-json\/wp\/v2\/pages\/20453"}],"collection":[{"href":"http:\/\/www.rcn-radio.org\/index.php\/wp-json\/wp\/v2\/pages"}],"about":[{"href":"http:\/\/www.rcn-radio.org\/index.php\/wp-json\/wp\/v2\/types\/page"}],"author":[{"embeddable":true,"href":"http:\/\/www.rcn-radio.org\/index.php\/wp-json\/wp\/v2\/users\/21"}],"replies":[{"embeddable":true,"href":"http:\/\/www.rcn-radio.org\/index.php\/wp-json\/wp\/v2\/comments?post=20453"}],"version-history":[{"count":128,"href":"http:\/\/www.rcn-radio.org\/index.php\/wp-json\/wp\/v2\/pages\/20453\/revisions"}],"predecessor-version":[{"id":21059,"href":"http:\/\/www.rcn-radio.org\/index.php\/wp-json\/wp\/v2\/pages\/20453\/revisions\/21059"}],"wp:attachment":[{"href":"http:\/\/www.rcn-radio.org\/index.php\/wp-json\/wp\/v2\/media?parent=20453"}],"curies":[{"name":"wp","href":"https:\/\/api.w.org\/{rel}","templated":true}]}}