{"id":20855,"date":"2021-05-13T17:21:57","date_gmt":"2021-05-13T16:21:57","guid":{"rendered":"http:\/\/www.rcn-radio.org\/?page_id=20855"},"modified":"2021-05-16T14:41:13","modified_gmt":"2021-05-16T13:41:13","slug":"marc","status":"publish","type":"page","link":"http:\/\/www.rcn-radio.org\/index.php\/marc\/","title":{"rendered":"MARC"},"content":{"rendered":"\n<div style=\"height:50px\" aria-hidden=\"true\" class=\"wp-block-spacer\"><\/div>\n\n\n\n<div class=\"is-layout-flex wp-container-2 wp-block-columns\">\n<div class=\"is-layout-flow wp-block-column\"><\/div>\n<\/div>\n\n\n\n<div style=\"height:40px\" aria-hidden=\"true\" class=\"wp-block-spacer\"><\/div>\n\n\n\n<div class=\"is-layout-flex wp-container-5 wp-block-columns\">\n<div class=\"is-layout-flow wp-block-column is-vertically-aligned-center\">\n<figure class=\"wp-block-audio aligncenter\"><audio controls src=\"http:\/\/www.rcn-radio.org\/wp-content\/uploads\/2021\/05\/MARC-SHAME-TEMOIGNAGES-.mp3\" autoplay><\/audio><\/figure>\n<\/div>\n\n\n\n<div class=\"is-layout-flow wp-block-column is-vertically-aligned-center\">\n<figure class=\"wp-block-pullquote is-style-default\"><blockquote><p>\u00ab Je me suis d\u00e9j\u00e0 fait agresser une fois \u00e0 coup de cutter&#8230; J\u2019en ai encore des traces dans le dos \u00bb<\/p><cite>MARC<\/cite><\/blockquote><\/figure>\n<\/div>\n<\/div>\n","protected":false},"excerpt":{"rendered":"<p>\u00ab Je me suis d\u00e9j\u00e0 fait agresser une fois \u00e0 coup de cutter&#8230; J\u2019en ai encore des traces dans le dos \u00bb MARC<\/p>\n","protected":false},"author":21,"featured_media":0,"parent":0,"menu_order":0,"comment_status":"closed","ping_status":"closed","template":"","meta":[],"_links":{"self":[{"href":"http:\/\/www.rcn-radio.org\/index.php\/wp-json\/wp\/v2\/pages\/20855"}],"collection":[{"href":"http:\/\/www.rcn-radio.org\/index.php\/wp-json\/wp\/v2\/pages"}],"about":[{"href":"http:\/\/www.rcn-radio.org\/index.php\/wp-json\/wp\/v2\/types\/page"}],"author":[{"embeddable":true,"href":"http:\/\/www.rcn-radio.org\/index.php\/wp-json\/wp\/v2\/users\/21"}],"replies":[{"embeddable":true,"href":"http:\/\/www.rcn-radio.org\/index.php\/wp-json\/wp\/v2\/comments?post=20855"}],"version-history":[{"count":2,"href":"http:\/\/www.rcn-radio.org\/index.php\/wp-json\/wp\/v2\/pages\/20855\/revisions"}],"predecessor-version":[{"id":20965,"href":"http:\/\/www.rcn-radio.org\/index.php\/wp-json\/wp\/v2\/pages\/20855\/revisions\/20965"}],"wp:attachment":[{"href":"http:\/\/www.rcn-radio.org\/index.php\/wp-json\/wp\/v2\/media?parent=20855"}],"curies":[{"name":"wp","href":"https:\/\/api.w.org\/{rel}","templated":true}]}}