{"id":26227,"date":"2023-06-16T12:29:49","date_gmt":"2023-06-16T11:29:49","guid":{"rendered":"http:\/\/www.rcn-radio.org\/?page_id=26227"},"modified":"2024-03-04T16:01:11","modified_gmt":"2024-03-04T15:01:11","slug":"inscription-tremplin-rap","status":"publish","type":"page","link":"http:\/\/www.rcn-radio.org\/index.php\/inscription-tremplin-rap\/","title":{"rendered":"Tremplin rap"},"content":{"rendered":"\n<div class=\"alignnormal\"><div id=\"metaslider-id-26502\" style=\"max-width: 1700px; margin: 0 auto;\" class=\"ml-slider-3-107-0 metaslider metaslider-nivo metaslider-26502 ml-slider has-dots-nav ms-theme-default\" role=\"region\" aria-label=\"TREMPLIN RAP\" data-height=\"700\" data-width=\"1700\">\n    <div id=\"metaslider_container_26502\">\n        <div class='slider-wrapper theme-default'><div class='ribbon'><\/div><div id='metaslider_26502' class='nivoSlider'><img src=\"http:\/\/www.rcn-radio.org\/wp-content\/uploads\/2023\/07\/Slide-tremplin-rap-1700-\u00d7-700-px-1.png\" height=\"700\" width=\"1700\" title=\"Slide-tremplin-rap-1700-\u00d7-700-px-1\" alt=\"\" class=\"slider-26502 slide-26503 msDefaultImage\" \/><a href=\"https:\/\/www.helloasso.com\/associations\/rcn-radio-caraib-nancy\/evenements\/reserver-sa-place-au-tremplin-rap\" target=\"_self\"><img src=\"http:\/\/www.rcn-radio.org\/wp-content\/uploads\/2023\/07\/Slide-3e-tremplin-rap-pour-site-internet-1700-\u00d7-700-px.png\" height=\"700\" width=\"1700\" title=\"Slide 3e tremplin rap pour site internet (1700\u00a0\u00d7\u00a0700\u00a0px)\" alt=\"\" class=\"slider-26502 slide-26509 msDefaultImage\" \/><\/a><a href=\"http:\/\/www.rcn-radio.org\/index.php\/inscription-tremplin-rap\/3\/\" target=\"_self\"><img src=\"http:\/\/www.rcn-radio.org\/wp-content\/uploads\/2023\/07\/Slide-2e-tremplin-rap-pour-site-internet-1700-\u00d7-700-px.png\" height=\"700\" width=\"1700\" title=\"Slide 2e tremplin rap pour site internet (1700\u00a0\u00d7\u00a0700\u00a0px)\" alt=\"\" class=\"slider-26502 slide-26507 msDefaultImage\" \/><\/a><\/div><\/div>\n        \n    <\/div>\n<\/div><\/div>\n\n\n\n<p>En collaboration avec la ville de Vandoeuvre, RCN organise un tremplin de rap fran\u00e7ais permettant \u00e0 8 artistes\/groupes de rap de se produire sur la sc\u00e8ne de la salle Michel Dinet \u00e0 Vand\u0153uvre-l\u00e8s-Nancy, devant un jury professionnel. <\/p>\n\n\n\n<p>\u00c0 la suite de ce tremplin musical, le public et le jury s\u00e9lectionneront 4 artistes\/groupes qui auront l&rsquo;occasion de se produire sur diff\u00e9rentes sc\u00e8nes. Par exemple, le festival Vand&rsquo;influences aux c\u00f4t\u00e9s d&rsquo;un artiste \u00e0 renomm\u00e9e nationale.<\/p>\n\n\n\n<h4><strong>INFOS PRATIQUES :&nbsp;<\/strong><\/h4>\n\n\n\n<p><strong>Lieu <\/strong>: Salle Michel Dinet &#8211; Ferme du Charmois &#8211; Vand\u0153uvre \u2192 Pour trouver simplement, prendre rue Gabriel P\u00e9ri, puis all\u00e9e Jean Legras<\/p>\n\n\n\n<p><strong>Heure <\/strong>: D\u00e9but de la soir\u00e9e \u00e0 20h, ouverture des portes \u00e0 19h 30<\/p>\n\n\n\n<p><strong>Sur place<\/strong> : Buvette et merch des artistes, mais pas de restauration sur place<\/p>\n\n\n\n<p><strong>Concept<\/strong> : 8 artistes locaux passeront sur sc\u00e8ne devant le public et un jury, le public pourra profiter des diff\u00e9rents passages musicaux et voter sur les r\u00e9seaux sociaux pour leurs artistes pr\u00e9f\u00e9r\u00e9s.<\/p>\n\n\n\n<p>Rejoins RCN sur les r\u00e9seaux pour suivre les actualit\u00e9s et rester inform\u00e9 sur l&rsquo;organisation !<\/p>\n\n\n\n<p>Facebook \u2192 RCN Nancy&nbsp;<\/p>\n\n\n\n<p>Instagram \u2192 @rcn_nancy<\/p>\n\n\n\n<p><strong>Contact<\/strong> : tremplin.rap@rcn-radio.org<\/p>\n\n\n\n<div class=\"is-horizontal is-content-justification-center is-layout-flex wp-container-1 wp-block-buttons\">\n<div class=\"wp-block-button\"><a class=\"wp-block-button__link wp-element-button\" href=\"http:\/\/www.rcn-radio.org\/index.php\/inscription-tremplin-rap\/2\/\">Pour le public<\/a><\/div>\n\n\n\n<div class=\"wp-block-button is-style-fill\"><a class=\"wp-block-button__link wp-element-button\" href=\"http:\/\/www.rcn-radio.org\/index.php\/inscription-tremplin-rap\/3\/\">Pour les artistes et groupes<\/a><\/div>\n<\/div>\n\n\n\n<hr class=\"wp-block-separator has-css-opacity\"\/>\n\n\n\n<div class=\"is-layout-flex wp-container-8 wp-block-columns\">\n<div class=\"is-layout-flow wp-block-column\">\n<p class=\"has-large-font-size\"><mark style=\"background-color:rgba(0, 0, 0, 0)\" class=\"has-inline-color has-white-color\">Le public<\/mark><\/p>\n\n\n\n<p>Pour assister au concert le 22 septembre, inscrivez vous sur le formulaire HelloAsso ci dessous.<\/p>\n\n\n\n<p>Les entr\u00e9es sont gratuites, vous pourrez voter pour votre artiste pr\u00e9f\u00e9r\u00e9 et il y aura une buvette sur place.<\/p>\n\n\n\n<p>On vous attend le 22 septembre \u00e0 20h 00 \u00e0 la salle Michel Dinet \u00e0 Vand\u0153uvre !<\/p>\n\n\n<p><iframe id=\"haWidget\" allowtransparency=\"true\" scrolling=\"auto\" src=\"https:\/\/www.helloasso.com\/associations\/rcn-radio-caraib-nancy\/evenements\/reserver-sa-place-au-tremplin-rap\/widget\" style=\"width: 100%; height: 750px; border: none;\"><\/iframe><\/p>\n\n\n\n<p>En cas de probl\u00e8me d&rsquo;affichage ci dessus, cliquez sur le bouton juste en dessous qui vous renverra vers la page Hello Asso<\/p>\n\n\n\n<div class=\"is-horizontal is-content-justification-center is-layout-flex wp-container-2 wp-block-buttons\">\n<div class=\"wp-block-button\"><a class=\"wp-block-button__link has-black-color has-very-light-gray-to-cyan-bluish-gray-gradient-background has-text-color has-background wp-element-button\" href=\"https:\/\/www.helloasso.com\/associations\/rcn-radio-caraib-nancy\/evenements\/reserver-sa-place-au-tremplin-rap\">S&rsquo;inscrire sur Hello Asso<\/a><\/div>\n<\/div>\n\n\n\n<p>Pour toutes questions, envoyez un mail \u00e0 <a rel=\"noreferrer noopener\" href=\"mailto:tremplin.rap@rcn-radio.org\" target=\"_blank\">tremplin.rap@rcn-radio.org<\/a><\/p>\n<\/div>\n\n\n\n<div class=\"is-layout-flow wp-block-column\">\n<p class=\"has-white-color has-text-color has-large-font-size\">Les artistes\/groupes<\/p>\n\n\n\n<p>Pour s&rsquo;inscrire, merci d&rsquo;envoyer votre candidature \u00e0 l&rsquo;adresse mail <a href=\"mailto:tremplin.rap@rcn-radio.org\" target=\"_blank\" rel=\"noreferrer noopener\">tremplin.rap@rcn-radio.org<\/a> avant le 21 ao\u00fbt 2023.<\/p>\n\n\n\n<p>De fa\u00e7on \u00e0 valider votre candidature, le mail doit comprendre : <\/p>\n\n\n\n<ul>\n<li>Le bulletin d&rsquo;inscription rempli et sign\u00e9 (artiste ou groupe)<\/li>\n<\/ul>\n\n\n\n<ul>\n<li>Le r\u00e8glement de participation avec la mention \u00ab\u00a0lu et approuv\u00e9\u00a0\u00bb, dat\u00e9 et sign\u00e9 <\/li>\n<\/ul>\n\n\n\n<ul>\n<li>2 titres de l&rsquo;artiste\/groupe <span class=\"has-inline-color has-white-color\">au format mp3<\/span><\/li>\n<\/ul>\n\n\n\n<ul>\n<li>Si possible 1 vid\u00e9o de prestation sc\u00e9nique <span class=\"has-inline-color has-white-color\">au format mp4<\/span><\/li>\n<\/ul>\n\n\n\n<div class=\"is-layout-flow wp-block-group\"><div class=\"wp-block-group__inner-container\">\n<div class=\"wp-block-file\"><a id=\"wp-block-file--media-26ff96da-47b7-4a37-931f-5986862e6a1d\" href=\"http:\/\/www.rcn-radio.org\/wp-content\/uploads\/2023\/06\/BULLETIN-DINSCRIPTION-ARTISTE-2.pdf\" target=\"_blank\" rel=\"noreferrer noopener\">BULLETIN-DINSCRIPTION-ARTISTE<\/a><a href=\"http:\/\/www.rcn-radio.org\/wp-content\/uploads\/2023\/06\/BULLETIN-DINSCRIPTION-ARTISTE-2.pdf\" class=\"wp-block-file__button wp-element-button\" download aria-describedby=\"wp-block-file--media-26ff96da-47b7-4a37-931f-5986862e6a1d\">T\u00e9l\u00e9charger<\/a><\/div>\n<\/div><\/div>\n\n\n\n<div class=\"is-layout-flow wp-block-group\"><div class=\"wp-block-group__inner-container\">\n<div class=\"wp-block-file\"><a id=\"wp-block-file--media-95df04d8-ab37-4ce4-81e8-be31edb9b4f6\" href=\"http:\/\/www.rcn-radio.org\/wp-content\/uploads\/2023\/06\/BULLETIN-DINSCRIPTION-GROUPE-2.pdf\" target=\"_blank\" rel=\"noreferrer noopener\">BULLETIN-DINSCRIPTION-GROUPE<\/a><a href=\"http:\/\/www.rcn-radio.org\/wp-content\/uploads\/2023\/06\/BULLETIN-DINSCRIPTION-GROUPE-2.pdf\" class=\"wp-block-file__button wp-element-button\" download aria-describedby=\"wp-block-file--media-95df04d8-ab37-4ce4-81e8-be31edb9b4f6\">T\u00e9l\u00e9charger<\/a><\/div>\n<\/div><\/div>\n\n\n\n<div class=\"wp-block-file\"><a id=\"wp-block-file--media-24e07fc8-8b8e-4333-9e14-d6621f677b02\" href=\"http:\/\/www.rcn-radio.org\/wp-content\/uploads\/2023\/06\/Reglement-tremplin-musical-2.pdf\" target=\"_blank\" rel=\"noreferrer noopener\">R\u00c9GLEMENT-TREMPLIN-RAP<\/a><a href=\"http:\/\/www.rcn-radio.org\/wp-content\/uploads\/2023\/06\/Reglement-tremplin-musical-2.pdf\" class=\"wp-block-file__button wp-element-button\" download aria-describedby=\"wp-block-file--media-24e07fc8-8b8e-4333-9e14-d6621f677b02\">T\u00e9l\u00e9charger<\/a><\/div>\n\n\n\n<div class=\"is-layout-flow wp-block-group\"><div class=\"wp-block-group__inner-container\"><\/div><\/div>\n<\/div>\n<\/div>\n\n\n\n<!--nextpage-->\n\n\n\n<div class=\"is-layout-flex wp-container-12 wp-block-columns\">\n<div class=\"is-layout-flow wp-block-column\">\n<p class=\"has-large-font-size\"><mark style=\"background-color:rgba(0, 0, 0, 0)\" class=\"has-inline-color has-white-color\">Le public<\/mark><\/p>\n\n\n\n<p>Pour assister au concert le 22 septembre, inscrivez vous sur le formulaire HelloAsso ci dessous.<\/p>\n\n\n\n<p>Les entr\u00e9es sont gratuites, vous pourrez voter pour votre artiste pr\u00e9f\u00e9r\u00e9 et il y aura une buvette sur place.<\/p>\n\n\n\n<p>On vous attend le 22 septembre \u00e0 20h 00 \u00e0 la salle Michel Dinet \u00e0 Vand\u0153uvre !<\/p>\n\n\n<p><iframe id=\"haWidget\" allowtransparency=\"true\" scrolling=\"auto\" src=\"https:\/\/www.helloasso.com\/associations\/rcn-radio-caraib-nancy\/evenements\/reserver-sa-place-au-tremplin-rap\/widget\" style=\"width: 100%; height: 750px; border: none;\"><\/iframe><\/p>\n\n\n\n<p>En cas de probl\u00e8me d&rsquo;affichage ci dessus, cliquez sur le bouton juste en dessous qui vous renverra vers la page Hello Asso<\/p>\n\n\n\n<div class=\"is-horizontal is-content-justification-center is-layout-flex wp-container-9 wp-block-buttons\">\n<div class=\"wp-block-button\"><a class=\"wp-block-button__link has-black-color has-very-light-gray-to-cyan-bluish-gray-gradient-background has-text-color has-background wp-element-button\" href=\"https:\/\/www.helloasso.com\/associations\/rcn-radio-caraib-nancy\/evenements\/reserver-sa-place-au-tremplin-rap\">S&rsquo;inscrire sur Hello Asso<\/a><\/div>\n<\/div>\n\n\n\n<p>Pour toutes questions, envoyez un mail \u00e0 <a rel=\"noreferrer noopener\" href=\"mailto:tremplin.rap@rcn-radio.org\" target=\"_blank\">tremplin.rap@rcn-radio.org<\/a><\/p>\n\n\n\n<div class=\"is-layout-flex wp-block-buttons\">\n<div class=\"wp-block-button\"><a class=\"wp-block-button__link wp-element-button\" href=\"http:\/\/www.rcn-radio.org\/index.php\/inscription-tremplin-rap\/3\/\">Pour les artistes<\/a><\/div>\n<\/div>\n<\/div>\n<\/div>\n\n\n\n<!--nextpage-->\n\n\n\n<p class=\"has-white-color has-text-color has-large-font-size\">Les artistes\/groupes<\/p>\n\n\n\n<p>Pour s&rsquo;inscrire, merci d&rsquo;envoyer votre candidature \u00e0 l&rsquo;adresse mail <a href=\"mailto:tremplin.rap@rcn-radio.org\" target=\"_blank\" rel=\"noreferrer noopener\">tremplin.rap@rcn-radio.org<\/a> avant le 21 ao\u00fbt 2023.<\/p>\n\n\n\n<p>De fa\u00e7on \u00e0 valider votre candidature, le mail doit comprendre : <\/p>\n\n\n\n<ul>\n<li>Le bulletin d&rsquo;inscription rempli et sign\u00e9 (artiste ou groupe)<\/li>\n<\/ul>\n\n\n\n<ul>\n<li>Le r\u00e8glement de participation avec la mention \u00ab\u00a0lu et approuv\u00e9\u00a0\u00bb, dat\u00e9 et sign\u00e9 <\/li>\n<\/ul>\n\n\n\n<ul>\n<li>2 titres de l&rsquo;artiste\/groupe <span class=\"has-inline-color has-white-color\">au format mp3<\/span><\/li>\n<\/ul>\n\n\n\n<ul>\n<li>Si possible 1 vid\u00e9o de prestation sc\u00e9nique <span class=\"has-inline-color has-white-color\">au format mp4<\/span><\/li>\n<\/ul>\n\n\n\n<div class=\"is-layout-flow wp-block-group\"><div class=\"wp-block-group__inner-container\">\n<div class=\"wp-block-file\"><a id=\"wp-block-file--media-be9ee293-382e-44e2-8f72-a6f9d0ca027a\" href=\"http:\/\/www.rcn-radio.org\/wp-content\/uploads\/2023\/06\/BULLETIN-DINSCRIPTION-ARTISTE-2.pdf\" target=\"_blank\" rel=\"noreferrer noopener\">BULLETIN-DINSCRIPTION-ARTISTE<\/a><a href=\"http:\/\/www.rcn-radio.org\/wp-content\/uploads\/2023\/06\/BULLETIN-DINSCRIPTION-ARTISTE-2.pdf\" class=\"wp-block-file__button wp-element-button\" download aria-describedby=\"wp-block-file--media-be9ee293-382e-44e2-8f72-a6f9d0ca027a\">T\u00e9l\u00e9charger<\/a><\/div>\n<\/div><\/div>\n\n\n\n<div class=\"is-layout-flow wp-block-group\"><div class=\"wp-block-group__inner-container\">\n<div class=\"wp-block-file\"><a id=\"wp-block-file--media-79bdcb38-d0d3-48a2-b2bf-24c8dd78936e\" href=\"http:\/\/www.rcn-radio.org\/wp-content\/uploads\/2023\/06\/BULLETIN-DINSCRIPTION-GROUPE-2.pdf\" target=\"_blank\" rel=\"noreferrer noopener\">BULLETIN-DINSCRIPTION-GROUPE<\/a><a href=\"http:\/\/www.rcn-radio.org\/wp-content\/uploads\/2023\/06\/BULLETIN-DINSCRIPTION-GROUPE-2.pdf\" class=\"wp-block-file__button wp-element-button\" download aria-describedby=\"wp-block-file--media-79bdcb38-d0d3-48a2-b2bf-24c8dd78936e\">T\u00e9l\u00e9charger<\/a><\/div>\n<\/div><\/div>\n\n\n\n<div class=\"wp-block-file\"><a id=\"wp-block-file--media-e282300b-44ef-43ae-a283-7807a739d027\" href=\"http:\/\/www.rcn-radio.org\/wp-content\/uploads\/2023\/06\/Reglement-tremplin-musical-2.pdf\" target=\"_blank\" rel=\"noreferrer noopener\">R\u00c9GLEMENT-TREMPLIN-RAP<\/a><a href=\"http:\/\/www.rcn-radio.org\/wp-content\/uploads\/2023\/06\/Reglement-tremplin-musical-2.pdf\" class=\"wp-block-file__button wp-element-button\" download aria-describedby=\"wp-block-file--media-e282300b-44ef-43ae-a283-7807a739d027\">T\u00e9l\u00e9charger<\/a><\/div>\n\n\n\n<div class=\"is-layout-flow wp-block-group\"><div class=\"wp-block-group__inner-container\"><\/div><\/div>\n\n\n\n<div class=\"is-layout-flex wp-block-buttons\">\n<div class=\"wp-block-button\"><a class=\"wp-block-button__link wp-element-button\" href=\"http:\/\/www.rcn-radio.org\/index.php\/inscription-tremplin-rap\/2\/\">Pour le public<\/a><\/div>\n<\/div>\n","protected":false},"excerpt":{"rendered":"<p>En collaboration avec la ville de Vandoeuvre, RCN organise un tremplin de rap fran\u00e7ais permettant \u00e0 8 artistes\/groupes de rap de se produire sur la sc\u00e8ne de la salle Michel Dinet \u00e0 Vand\u0153uvre-l\u00e8s-Nancy, devant un jury professionnel. \u00c0 la suite de ce tremplin musical, le public et le jury s\u00e9lectionneront 4 artistes\/groupes qui auront l&rsquo;occasion [&hellip;]<\/p>\n","protected":false},"author":22,"featured_media":26379,"parent":0,"menu_order":0,"comment_status":"closed","ping_status":"closed","template":"","meta":[],"_links":{"self":[{"href":"http:\/\/www.rcn-radio.org\/index.php\/wp-json\/wp\/v2\/pages\/26227"}],"collection":[{"href":"http:\/\/www.rcn-radio.org\/index.php\/wp-json\/wp\/v2\/pages"}],"about":[{"href":"http:\/\/www.rcn-radio.org\/index.php\/wp-json\/wp\/v2\/types\/page"}],"author":[{"embeddable":true,"href":"http:\/\/www.rcn-radio.org\/index.php\/wp-json\/wp\/v2\/users\/22"}],"replies":[{"embeddable":true,"href":"http:\/\/www.rcn-radio.org\/index.php\/wp-json\/wp\/v2\/comments?post=26227"}],"version-history":[{"count":53,"href":"http:\/\/www.rcn-radio.org\/index.php\/wp-json\/wp\/v2\/pages\/26227\/revisions"}],"predecessor-version":[{"id":27937,"href":"http:\/\/www.rcn-radio.org\/index.php\/wp-json\/wp\/v2\/pages\/26227\/revisions\/27937"}],"wp:featuredmedia":[{"embeddable":true,"href":"http:\/\/www.rcn-radio.org\/index.php\/wp-json\/wp\/v2\/media\/26379"}],"wp:attachment":[{"href":"http:\/\/www.rcn-radio.org\/index.php\/wp-json\/wp\/v2\/media?parent=26227"}],"curies":[{"name":"wp","href":"https:\/\/api.w.org\/{rel}","templated":true}]}}