{"id":29699,"date":"2025-03-17T15:42:16","date_gmt":"2025-03-17T14:42:16","guid":{"rendered":"http:\/\/www.rcn-radio.org\/?page_id=29699"},"modified":"2025-03-17T16:48:33","modified_gmt":"2025-03-17T15:48:33","slug":"des-envies-de-projets","status":"publish","type":"page","link":"http:\/\/www.rcn-radio.org\/index.php\/des-envies-de-projets\/","title":{"rendered":"Des envies de projets ?"},"content":{"rendered":"\n<p>Au-del\u00e0 des \u00e9missions et de l&rsquo;antenne, RCN vous accompagne dans vos projets pour apporter son expertise en animation, en technique, en m\u00e9diation, en communication et en gestion de projets.<\/p>\n\n\n\n<p>Voici quelques exemples non exhaustifs sur le champ d&rsquo;action de la radio :<\/p>\n\n\n\n<ul>\n<li>Animation d&rsquo;\u00e9v\u00e9nements, de conf\u00e9rences, de d\u00e9bats&#8230;<\/li>\n\n\n\n<li><a href=\"http:\/\/www.rcn-radio.org\/index.php\/ateliers-deducation-aux-medias-et-a-linformation\/\" data-type=\"URL\" data-id=\"http:\/\/www.rcn-radio.org\/index.php\/ateliers-deducation-aux-medias-et-a-linformation\/\">Ateliers d&rsquo;\u00e9ducation aux m\u00e9dias<\/a> <\/li>\n\n\n\n<li>Des formations \u00e0 l&rsquo;expression orale<\/li>\n\n\n\n<li>Studio d\u00e9localis\u00e9 sur le lieu de vos \u00e9v\u00e9nements<\/li>\n\n\n\n<li>Animation d&rsquo;<a href=\"http:\/\/www.rcn-radio.org\/index.php\/fetes-ton-anniversaire-a-la-radio\/\" data-type=\"URL\" data-id=\"http:\/\/www.rcn-radio.org\/index.php\/fetes-ton-anniversaire-a-la-radio\/\">anniversaire \u00e0 la radio<\/a> pour les enfants <\/li>\n\n\n\n<li>Cr\u00e9ation d&rsquo;expositions photos et sonores <\/li>\n<\/ul>\n\n\n\n<p>Et bien plus encore !<\/p>\n\n\n\n<p>D&rsquo;autres id\u00e9es ? Contactez-nous !<\/p>\n\n\n\n<p><\/p>\n\n\n\n<p>Contacts : <\/p>\n\n\n\n<ul>\n<li>communication@rcn-radio.org  <\/li>\n\n\n\n<li>julien-verries@rcn-radio.org<\/li>\n\n\n\n<li>07 86 34 37 80<\/li>\n<\/ul>\n\n\n\n<p><\/p>\n","protected":false},"excerpt":{"rendered":"<p>Au-del\u00e0 des \u00e9missions et de l&rsquo;antenne, RCN vous accompagne dans vos projets pour apporter son expertise en animation, en technique, en m\u00e9diation, en communication et en gestion de projets. Voici quelques exemples non exhaustifs sur le champ d&rsquo;action de la radio : Et bien plus encore ! D&rsquo;autres id\u00e9es ? Contactez-nous ! Contacts :<\/p>\n","protected":false},"author":22,"featured_media":0,"parent":0,"menu_order":0,"comment_status":"closed","ping_status":"closed","template":"","meta":[],"_links":{"self":[{"href":"http:\/\/www.rcn-radio.org\/index.php\/wp-json\/wp\/v2\/pages\/29699"}],"collection":[{"href":"http:\/\/www.rcn-radio.org\/index.php\/wp-json\/wp\/v2\/pages"}],"about":[{"href":"http:\/\/www.rcn-radio.org\/index.php\/wp-json\/wp\/v2\/types\/page"}],"author":[{"embeddable":true,"href":"http:\/\/www.rcn-radio.org\/index.php\/wp-json\/wp\/v2\/users\/22"}],"replies":[{"embeddable":true,"href":"http:\/\/www.rcn-radio.org\/index.php\/wp-json\/wp\/v2\/comments?post=29699"}],"version-history":[{"count":8,"href":"http:\/\/www.rcn-radio.org\/index.php\/wp-json\/wp\/v2\/pages\/29699\/revisions"}],"predecessor-version":[{"id":30180,"href":"http:\/\/www.rcn-radio.org\/index.php\/wp-json\/wp\/v2\/pages\/29699\/revisions\/30180"}],"wp:attachment":[{"href":"http:\/\/www.rcn-radio.org\/index.php\/wp-json\/wp\/v2\/media?parent=29699"}],"curies":[{"name":"wp","href":"https:\/\/api.w.org\/{rel}","templated":true}]}}