{"id":29721,"date":"2025-03-17T15:40:55","date_gmt":"2025-03-17T14:40:55","guid":{"rendered":"http:\/\/www.rcn-radio.org\/?page_id=29721"},"modified":"2025-03-17T15:46:29","modified_gmt":"2025-03-17T14:46:29","slug":"fetes-ton-anniversaire-a-la-radio","status":"publish","type":"page","link":"http:\/\/www.rcn-radio.org\/index.php\/fetes-ton-anniversaire-a-la-radio\/","title":{"rendered":"F\u00eate ton anniversaire \u00e0 la radio !"},"content":{"rendered":"\n<p>Tu as entre 5 et 10 ans et tu souhaites faire ton anniversaire avec tes amis dans un lieu original ?<\/p>\n\n\n\n<p>RCN te propose de venir f\u00eater ton anniversaire dans une radio pour passer un moment inoubliable et d\u00e9couvrir les coulisses de notre radio !<\/p>\n\n\n\n<p>Au programme :<\/p>\n\n\n\n<ul>\n<li>Visite des locaux, rencontre avec les animateurs, d\u00e9couverte des studios<\/li>\n\n\n\n<li>Quiz et petits jeux pour conna\u00eetre la radio, exemple : \u201cQui est-ce ?\u201d version m\u00e9dias<\/li>\n\n\n\n<li>Jeu de piste version radio : un animateur de RCN a vol\u00e9 les enregistrements d\u2019une \u00e9mission de radio&#8230; Aide-nous \u00e0 r\u00e9soudre les \u00e9nigmes et deviens un vrai journaliste pour retrouver l\u2019\u00e9mission et pouvoir la diffuser au bon moment !<\/li>\n\n\n\n<li>Enregistrement dans les studios et dans les conditions d\u2019une vraie \u00e9mission de radio&nbsp;<\/li>\n\n\n\n<li>Selon le moment de la venue, il est aussi possible d\u2019assister \u00e0 l\u2019enregistrement d\u2019un programme de RCN<\/li>\n\n\n\n<li>Go\u00fbter et temps libre autour d\u2019un g\u00e2teau pris en charge par la radio en partenariat avec une p\u00e2tisserie locale (boissons et couverts compris)<\/li>\n<\/ul>\n\n\n\n<p>Modalit\u00e9s :<\/p>\n\n\n\n<ul>\n<li>Accueil d\u2019environ 4 \u00e0 15 enfants et 1 \u00e0 3 accompagnateurs<\/li>\n\n\n\n<li>Enfants \u00e2g\u00e9s d\u2019environ 5 \u00e0 10 ans&nbsp;<\/li>\n\n\n\n<li>Compter entre 3h &#8211; 3h30 d\u2019activit\u00e9s<\/li>\n\n\n\n<li>3-4 animateurs professionnels de RCN&nbsp;<\/li>\n\n\n\n<li>Carton d\u2019invitation personnalisable pour inviter tes copains<\/li>\n\n\n\n<li>Photo souvenir dans les studios<\/li>\n\n\n\n<li>Dates et horaires \u00e0 convenir avec l\u2019\u00e9quipe disponibilit\u00e9 du lundi au vendredi de 9h30 \u00e0 17h30 (vacances comprises), samedi et dimanche possibles selon la disponibilit\u00e9 des professionnels.<\/li>\n\n\n\n<li>Tarifs tout compris : 150\u20ac + 10\u20ac\/enfant<\/li>\n\n\n\n<li>Contacts : <a href=\"mailto:julien-verries@rcn-radio.org\">julien-verries@rcn-radio.org<\/a> &#8211; 07 86 34 37 80<\/li>\n<\/ul>\n","protected":false},"excerpt":{"rendered":"<p>Tu as entre 5 et 10 ans et tu souhaites faire ton anniversaire avec tes amis dans un lieu original ? RCN te propose de venir f\u00eater ton anniversaire dans une radio pour passer un moment inoubliable et d\u00e9couvrir les coulisses de notre radio ! Au programme : Modalit\u00e9s :<\/p>\n","protected":false},"author":22,"featured_media":0,"parent":0,"menu_order":0,"comment_status":"closed","ping_status":"closed","template":"","meta":[],"_links":{"self":[{"href":"http:\/\/www.rcn-radio.org\/index.php\/wp-json\/wp\/v2\/pages\/29721"}],"collection":[{"href":"http:\/\/www.rcn-radio.org\/index.php\/wp-json\/wp\/v2\/pages"}],"about":[{"href":"http:\/\/www.rcn-radio.org\/index.php\/wp-json\/wp\/v2\/types\/page"}],"author":[{"embeddable":true,"href":"http:\/\/www.rcn-radio.org\/index.php\/wp-json\/wp\/v2\/users\/22"}],"replies":[{"embeddable":true,"href":"http:\/\/www.rcn-radio.org\/index.php\/wp-json\/wp\/v2\/comments?post=29721"}],"version-history":[{"count":6,"href":"http:\/\/www.rcn-radio.org\/index.php\/wp-json\/wp\/v2\/pages\/29721\/revisions"}],"predecessor-version":[{"id":30155,"href":"http:\/\/www.rcn-radio.org\/index.php\/wp-json\/wp\/v2\/pages\/29721\/revisions\/30155"}],"wp:attachment":[{"href":"http:\/\/www.rcn-radio.org\/index.php\/wp-json\/wp\/v2\/media?parent=29721"}],"curies":[{"name":"wp","href":"https:\/\/api.w.org\/{rel}","templated":true}]}}